{"id":1930,"date":"2026-02-28T11:08:28","date_gmt":"2026-02-28T11:08:28","guid":{"rendered":"https:\/\/www.danoipiran.com\/?page_id=1930"},"modified":"2026-02-28T11:08:29","modified_gmt":"2026-02-28T11:08:29","slug":"politika-piskotkov-cookie-policy","status":"publish","type":"page","link":"https:\/\/www.danoipiran.com\/it\/politika-piskotkov-cookie-policy\/","title":{"rendered":"POLITIKA PI\u0160KOTKOV (COOKIE POLICY)"},"content":{"rendered":"<h2 class=\"wp-block-heading\">Politika pi\u0161kotkov<\/h2>\n\n\n\n<p>Spletna stran uporablja pi\u0161kotke za zagotavljanje pravilnega delovanja, analitiko in izbolj\u0161anje uporabni\u0161ke izku\u0161nje.<\/p>\n\n\n\n<hr class=\"wp-block-separator has-alpha-channel-opacity\"\/>\n\n\n\n<h3 class=\"wp-block-heading\">Kaj so pi\u0161kotki<\/h3>\n\n\n\n<p>Pi\u0161kotki so majhne tekstovne datoteke, ki se shranijo v va\u0161o napravo ob obisku spletnega mesta.<\/p>\n\n\n\n<hr class=\"wp-block-separator has-alpha-channel-opacity\"\/>\n\n\n\n<h3 class=\"wp-block-heading\">Vrste pi\u0161kotkov<\/h3>\n\n\n\n<h4 class=\"wp-block-heading\">1. Nujni (obvezni) pi\u0161kotki<\/h4>\n\n\n\n<p>Omogo\u010dajo osnovno delovanje strani (navigacija, varnost, dostop do strani).<br>Brez njih stran ne deluje pravilno.<\/p>\n\n\n\n<h4 class=\"wp-block-heading\">2. Analiti\u010dni pi\u0161kotki<\/h4>\n\n\n\n<p>Pomagajo razumeti, kako uporabniki uporabljajo spletno stran (npr. Google Analytics).<\/p>\n\n\n\n<h4 class=\"wp-block-heading\">3. Marketin\u0161ki pi\u0161kotki<\/h4>\n\n\n\n<p>Uporabljajo se za prikaz relevantnih vsebin ali integracijo dru\u017ebenih omre\u017eij (Google Maps, Facebook, Instagram).<\/p>\n\n\n\n<hr class=\"wp-block-separator has-alpha-channel-opacity\"\/>\n\n\n\n<h3 class=\"wp-block-heading\">Upravljanje pi\u0161kotkov<\/h3>\n\n\n\n<p>Ob prvem obisku spletnega mesta lahko uporabnik:<\/p>\n\n\n\n<ul class=\"wp-block-list\">\n<li>sprejme vse pi\u0161kotke<\/li>\n\n\n\n<li>zavrne nenujne pi\u0161kotke<\/li>\n\n\n\n<li>izbere nastavitve<\/li>\n<\/ul>\n\n\n\n<p>Nastavitve lahko kadarkoli spremeni preko pasice za pi\u0161kotke.<\/p>\n\n\n\n<hr class=\"wp-block-separator has-alpha-channel-opacity\"\/>\n\n\n\n<h3 class=\"wp-block-heading\">Rok hrambe<\/h3>\n\n\n\n<p>Pi\u0161kotki se hranijo razli\u010dno dolgo:<\/p>\n\n\n\n<ul class=\"wp-block-list\">\n<li>sejni pi\u0161kotki: do zaprtja brskalnika<\/li>\n\n\n\n<li>trajni pi\u0161kotki: do 24 mesecev<\/li>\n<\/ul>\n\n\n\n<hr class=\"wp-block-separator has-alpha-channel-opacity\"\/>\n\n\n\n<h3 class=\"wp-block-heading\">Onemogo\u010danje<\/h3>\n\n\n\n<p>Pi\u0161kotke lahko onemogo\u010dite tudi v nastavitvah brskalnika.<\/p>\n\n\n\n<hr class=\"wp-block-separator has-alpha-channel-opacity\"\/>\n\n\n\n<h3 class=\"wp-block-heading\">Kontakt<\/h3>\n\n\n\n<p>Za vpra\u0161anja glede pi\u0161kotkov:<br><strong><a>avial.pirano@siol.net<\/a><\/strong><\/p>","protected":false},"excerpt":{"rendered":"<p>Politika pi\u0161kotkov Spletna stran uporablja pi\u0161kotke za zagotavljanje pravilnega delovanja, analitiko in izbolj\u0161anje uporabni\u0161ke izku\u0161nje. Kaj so pi\u0161kotki Pi\u0161kotki so majhne tekstovne datoteke, ki se shranijo v va\u0161o napravo ob obisku spletnega mesta. Vrste pi\u0161kotkov 1. Nujni (obvezni) pi\u0161kotki Omogo\u010dajo osnovno delovanje strani (navigacija, varnost, dostop do strani).Brez njih stran ne deluje pravilno. 2. Analiti\u010dni [&hellip;]<\/p>\n","protected":false},"author":1,"featured_media":0,"parent":0,"menu_order":0,"comment_status":"closed","ping_status":"closed","template":"","meta":{"site-sidebar-layout":"default","site-content-layout":"","ast-site-content-layout":"default","site-content-style":"default","site-sidebar-style":"default","ast-global-header-display":"","ast-banner-title-visibility":"","ast-main-header-display":"","ast-hfb-above-header-display":"","ast-hfb-below-header-display":"","ast-hfb-mobile-header-display":"","site-post-title":"","ast-breadcrumbs-content":"","ast-featured-img":"","footer-sml-layout":"","theme-transparent-header-meta":"","adv-header-id-meta":"","stick-header-meta":"","header-above-stick-meta":"","header-main-stick-meta":"","header-below-stick-meta":"","astra-migrate-meta-layouts":"set","ast-page-background-enabled":"default","ast-page-background-meta":{"desktop":{"background-color":"","background-image":"","background-repeat":"repeat","background-position":"center center","background-size":"auto","background-attachment":"scroll","background-type":"","background-media":"","overlay-type":"","overlay-color":"","overlay-opacity":"","overlay-gradient":""},"tablet":{"background-color":"","background-image":"","background-repeat":"repeat","background-position":"center center","background-size":"auto","background-attachment":"scroll","background-type":"","background-media":"","overlay-type":"","overlay-color":"","overlay-opacity":"","overlay-gradient":""},"mobile":{"background-color":"","background-image":"","background-repeat":"repeat","background-position":"center center","background-size":"auto","background-attachment":"scroll","background-type":"","background-media":"","overlay-type":"","overlay-color":"","overlay-opacity":"","overlay-gradient":""}},"ast-content-background-meta":{"desktop":{"background-color":"var(--ast-global-color-5)","background-image":"","background-repeat":"repeat","background-position":"center center","background-size":"auto","background-attachment":"scroll","background-type":"","background-media":"","overlay-type":"","overlay-color":"","overlay-opacity":"","overlay-gradient":""},"tablet":{"background-color":"var(--ast-global-color-5)","background-image":"","background-repeat":"repeat","background-position":"center center","background-size":"auto","background-attachment":"scroll","background-type":"","background-media":"","overlay-type":"","overlay-color":"","overlay-opacity":"","overlay-gradient":""},"mobile":{"background-color":"var(--ast-global-color-5)","background-image":"","background-repeat":"repeat","background-position":"center center","background-size":"auto","background-attachment":"scroll","background-type":"","background-media":"","overlay-type":"","overlay-color":"","overlay-opacity":"","overlay-gradient":""}},"_joinchat":[],"footnotes":""},"class_list":["post-1930","page","type-page","status-publish","hentry"],"_links":{"self":[{"href":"https:\/\/www.danoipiran.com\/it\/wp-json\/wp\/v2\/pages\/1930","targetHints":{"allow":["GET"]}}],"collection":[{"href":"https:\/\/www.danoipiran.com\/it\/wp-json\/wp\/v2\/pages"}],"about":[{"href":"https:\/\/www.danoipiran.com\/it\/wp-json\/wp\/v2\/types\/page"}],"author":[{"embeddable":true,"href":"https:\/\/www.danoipiran.com\/it\/wp-json\/wp\/v2\/users\/1"}],"replies":[{"embeddable":true,"href":"https:\/\/www.danoipiran.com\/it\/wp-json\/wp\/v2\/comments?post=1930"}],"version-history":[{"count":1,"href":"https:\/\/www.danoipiran.com\/it\/wp-json\/wp\/v2\/pages\/1930\/revisions"}],"predecessor-version":[{"id":1931,"href":"https:\/\/www.danoipiran.com\/it\/wp-json\/wp\/v2\/pages\/1930\/revisions\/1931"}],"wp:attachment":[{"href":"https:\/\/www.danoipiran.com\/it\/wp-json\/wp\/v2\/media?parent=1930"}],"curies":[{"name":"wp","href":"https:\/\/api.w.org\/{rel}","templated":true}]}}